{"id":3217,"date":"2025-08-12T10:26:17","date_gmt":"2025-08-12T10:26:17","guid":{"rendered":"https:\/\/dw211-glincz-stes.pl\/?page_id=3217"},"modified":"2025-08-13T12:06:39","modified_gmt":"2025-08-13T12:06:39","slug":"decyzja-o-srodowiskowych-uwarunkowaniach-wydana","status":"publish","type":"page","link":"https:\/\/dw211-glincz-stes.pl\/?page_id=3217","title":{"rendered":"Decyzja o \u015brodowiskowych uwarunkowaniach wydana!"},"content":{"rendered":"<p>W dniu 12 sierpnia 2025 r. wydana zosta\u0142a decyzja o \u015brodowiskowych uwarunkowaniach dla inwestycji pn. &#8220;Budowa po\u0142\u0105czenia drogi wojew\u00f3dzkiej 211 z Obwodnic\u0105 Metropolitaln\u0105 w\u0119ze\u0142 Glincz&#8221;.<\/p>\n<p>&nbsp;<\/p>\n","protected":false},"excerpt":{"rendered":"<p>W dniu 12 sierpnia 2025 r. wydana zosta\u0142a decyzja o \u015brodowiskowych uwarunkowaniach dla inwestycji pn. &#8220;Budowa po\u0142\u0105czenia drogi wojew\u00f3dzkiej 211 z Obwodnic\u0105 Metropolitaln\u0105 w\u0119ze\u0142 Glincz&#8221;. &nbsp;<\/p>\n","protected":false},"author":2,"featured_media":2991,"parent":0,"menu_order":0,"comment_status":"closed","ping_status":"closed","template":"","meta":{"_monsterinsights_skip_tracking":false,"_monsterinsights_sitenote_active":false,"_monsterinsights_sitenote_note":"","_monsterinsights_sitenote_category":0},"_links":{"self":[{"href":"https:\/\/dw211-glincz-stes.pl\/index.php?rest_route=\/wp\/v2\/pages\/3217"}],"collection":[{"href":"https:\/\/dw211-glincz-stes.pl\/index.php?rest_route=\/wp\/v2\/pages"}],"about":[{"href":"https:\/\/dw211-glincz-stes.pl\/index.php?rest_route=\/wp\/v2\/types\/page"}],"author":[{"embeddable":true,"href":"https:\/\/dw211-glincz-stes.pl\/index.php?rest_route=\/wp\/v2\/users\/2"}],"replies":[{"embeddable":true,"href":"https:\/\/dw211-glincz-stes.pl\/index.php?rest_route=%2Fwp%2Fv2%2Fcomments&post=3217"}],"version-history":[{"count":2,"href":"https:\/\/dw211-glincz-stes.pl\/index.php?rest_route=\/wp\/v2\/pages\/3217\/revisions"}],"predecessor-version":[{"id":3221,"href":"https:\/\/dw211-glincz-stes.pl\/index.php?rest_route=\/wp\/v2\/pages\/3217\/revisions\/3221"}],"wp:featuredmedia":[{"embeddable":true,"href":"https:\/\/dw211-glincz-stes.pl\/index.php?rest_route=\/wp\/v2\/media\/2991"}],"wp:attachment":[{"href":"https:\/\/dw211-glincz-stes.pl\/index.php?rest_route=%2Fwp%2Fv2%2Fmedia&parent=3217"}],"curies":[{"name":"wp","href":"https:\/\/api.w.org\/{rel}","templated":true}]}}