{"id":3197,"date":"2023-12-18T09:20:09","date_gmt":"2023-12-18T09:20:09","guid":{"rendered":"https:\/\/dw211-glincz-stes.pl\/?page_id=3197"},"modified":"2024-01-29T11:59:51","modified_gmt":"2024-01-29T11:59:51","slug":"prace-projektowe-zakonczone","status":"publish","type":"page","link":"https:\/\/dw211-glincz-stes.pl\/?page_id=3197","title":{"rendered":"Prace projektowe zako\u0144czone"},"content":{"rendered":"<p style=\"text-align: justify;\">W dniu 27 listopada 2023 r. Wykonawca zako\u0144czy\u0142 zasadnicze prace projektowe dotycz\u0105ce wykonania dokumentacji koncepcyjnej dla wybranego wariantu W2 w ramach realizowanego \u201cStudium techniczno \u2013 ekonomiczno \u2013 \u015brodowiskowe z elementami koncepcji programowej oraz materia\u0142ami do decyzji \u015brodowiskowej dla zadania pn.: Budowa po\u0142\u0105czenia drogi wojew\u00f3dzkiej 211 z Obwodnic\u0105 Metropolitaln\u0105 w\u0119ze\u0142 Glincz\u201d.<\/p>\n<p style=\"text-align: justify;\">Dokumentacj\u0119 mo\u017cna pobra\u0107 <a href=\"https:\/\/dw211-glincz-stes.pl\/wp-content\/uploads\/2023\/12\/Dokumentacja-projektowa_12.2023.zip\">Tutaj<\/a>.<\/p>\n<p style=\"text-align: justify;\">Dokumentacja ta b\u0119dzie za\u0142\u0105cznikiem do opracowywanego r\u00f3wnolegle Programu Funkcjonalno \u2013 U\u017cytkowego b\u0119d\u0105cego podstaw\u0105 og\u0142oszenia w przysz\u0142o\u015bci przetargu na roboty budowlane w procedurze Projektuj i Buduj po uzyskaniu przez Inwestora finansowania dla tej inwestycji.<\/p>\n<p style=\"text-align: justify;\">Inwestor oczekuje jeszcze na wydanie Decyzji o \u015arodowiskowych Uwarunkowaniach Inwestycji\u00a0 oraz na zatwierdzenie dodatkowo wykonanej dokumentacji geologicznej.<\/p>\n","protected":false},"excerpt":{"rendered":"<p>W dniu 27 listopada 2023 r. Wykonawca zako\u0144czy\u0142 zasadnicze prace projektowe dotycz\u0105ce wykonania dokumentacji koncepcyjnej dla wybranego wariantu W2 w ramach realizowanego \u201cStudium techniczno \u2013 ekonomiczno \u2013 \u015brodowiskowe z elementami koncepcji programowej oraz materia\u0142ami do decyzji \u015brodowiskowej dla zadania pn.: Budowa po\u0142\u0105czenia drogi wojew\u00f3dzkiej 211 z Obwodnic\u0105 Metropolitaln\u0105 w\u0119ze\u0142 Glincz\u201d.<a class=\"moretag\" href=\"https:\/\/dw211-glincz-stes.pl\/?page_id=3197\"> Czytaj dalej<\/a><\/p>\n","protected":false},"author":2,"featured_media":3199,"parent":0,"menu_order":0,"comment_status":"closed","ping_status":"closed","template":"","meta":{"_monsterinsights_skip_tracking":false,"_monsterinsights_sitenote_active":false,"_monsterinsights_sitenote_note":"","_monsterinsights_sitenote_category":0},"_links":{"self":[{"href":"https:\/\/dw211-glincz-stes.pl\/index.php?rest_route=\/wp\/v2\/pages\/3197"}],"collection":[{"href":"https:\/\/dw211-glincz-stes.pl\/index.php?rest_route=\/wp\/v2\/pages"}],"about":[{"href":"https:\/\/dw211-glincz-stes.pl\/index.php?rest_route=\/wp\/v2\/types\/page"}],"author":[{"embeddable":true,"href":"https:\/\/dw211-glincz-stes.pl\/index.php?rest_route=\/wp\/v2\/users\/2"}],"replies":[{"embeddable":true,"href":"https:\/\/dw211-glincz-stes.pl\/index.php?rest_route=%2Fwp%2Fv2%2Fcomments&post=3197"}],"version-history":[{"count":6,"href":"https:\/\/dw211-glincz-stes.pl\/index.php?rest_route=\/wp\/v2\/pages\/3197\/revisions"}],"predecessor-version":[{"id":3210,"href":"https:\/\/dw211-glincz-stes.pl\/index.php?rest_route=\/wp\/v2\/pages\/3197\/revisions\/3210"}],"wp:featuredmedia":[{"embeddable":true,"href":"https:\/\/dw211-glincz-stes.pl\/index.php?rest_route=\/wp\/v2\/media\/3199"}],"wp:attachment":[{"href":"https:\/\/dw211-glincz-stes.pl\/index.php?rest_route=%2Fwp%2Fv2%2Fmedia&parent=3197"}],"curies":[{"name":"wp","href":"https:\/\/api.w.org\/{rel}","templated":true}]}}