{"id":3187,"date":"2023-08-22T12:50:40","date_gmt":"2023-08-22T12:50:40","guid":{"rendered":"https:\/\/dw211-glincz-stes.pl\/?page_id=3187"},"modified":"2023-08-22T12:50:40","modified_gmt":"2023-08-22T12:50:40","slug":"zawiadomienie-o-wszczeciu-postepowania-administracyjnego-w-sprawie-wydania-decyzji-o-srodowiskowych-uwarunkowaniach","status":"publish","type":"page","link":"https:\/\/dw211-glincz-stes.pl\/?page_id=3187","title":{"rendered":"Zawiadomienie o wszcz\u0119ciu post\u0119powania administracyjnego w sprawie wydania decyzji o \u015brodowiskowych uwarunkowaniach"},"content":{"rendered":"<p style=\"text-align: justify;\">Urz\u0105d Gminy \u017bukowo zawiadamia, \u017ce w dniu 23 czerwca wszcz\u0119to post\u0119powanie administracyjne w sprawie wydania decyzji o \u015brodowiskowych uwarunkowaniach dla planowanego przedsi\u0119wzi\u0119cia pn.: &#8220;Budowa po\u0142\u0105czenia drogi wojew\u00f3dzkiej 211 z Obwodnic\u0105 Metropolitaln\u0105 Glincz&#8221;.<\/p>\n<p style=\"text-align: justify;\">Celem post\u0119powania w sprawie oceny oddzia\u0142ywania na \u015brodowisko powy\u017cszego przedsi\u0119wzi\u0119cia jest okre\u015blenia, analiza oraz ocena bezpo\u015bredniego i po\u015bredniego wp\u0142ywu przedsi\u0119wzi\u0119cia, m.in. na \u015brodowisko oraz warunki zdrowia i \u017cycia ludzi.<\/p>\n<p><a href=\"https:\/\/dw211-glincz-stes.pl\/wp-content\/uploads\/2023\/08\/125_2023.07.05-DW211-UG-Zukowo-wszczecie-DUS.pdf\">Ca\u0142o\u015b\u0107 zawiadomienia<\/a><\/p>\n","protected":false},"excerpt":{"rendered":"<p>Urz\u0105d Gminy \u017bukowo zawiadamia, \u017ce w dniu 23 czerwca wszcz\u0119to post\u0119powanie administracyjne w sprawie wydania decyzji o \u015brodowiskowych uwarunkowaniach dla planowanego przedsi\u0119wzi\u0119cia pn.: &#8220;Budowa po\u0142\u0105czenia drogi wojew\u00f3dzkiej 211 z Obwodnic\u0105 Metropolitaln\u0105 Glincz&#8221;. Celem post\u0119powania w sprawie oceny oddzia\u0142ywania na \u015brodowisko powy\u017cszego przedsi\u0119wzi\u0119cia jest okre\u015blenia, analiza oraz ocena bezpo\u015bredniego i po\u015bredniego<a class=\"moretag\" href=\"https:\/\/dw211-glincz-stes.pl\/?page_id=3187\"> Czytaj dalej<\/a><\/p>\n","protected":false},"author":2,"featured_media":2991,"parent":0,"menu_order":0,"comment_status":"closed","ping_status":"closed","template":"","meta":{"_monsterinsights_skip_tracking":false,"_monsterinsights_sitenote_active":false,"_monsterinsights_sitenote_note":"","_monsterinsights_sitenote_category":0},"_links":{"self":[{"href":"https:\/\/dw211-glincz-stes.pl\/index.php?rest_route=\/wp\/v2\/pages\/3187"}],"collection":[{"href":"https:\/\/dw211-glincz-stes.pl\/index.php?rest_route=\/wp\/v2\/pages"}],"about":[{"href":"https:\/\/dw211-glincz-stes.pl\/index.php?rest_route=\/wp\/v2\/types\/page"}],"author":[{"embeddable":true,"href":"https:\/\/dw211-glincz-stes.pl\/index.php?rest_route=\/wp\/v2\/users\/2"}],"replies":[{"embeddable":true,"href":"https:\/\/dw211-glincz-stes.pl\/index.php?rest_route=%2Fwp%2Fv2%2Fcomments&post=3187"}],"version-history":[{"count":1,"href":"https:\/\/dw211-glincz-stes.pl\/index.php?rest_route=\/wp\/v2\/pages\/3187\/revisions"}],"predecessor-version":[{"id":3189,"href":"https:\/\/dw211-glincz-stes.pl\/index.php?rest_route=\/wp\/v2\/pages\/3187\/revisions\/3189"}],"wp:featuredmedia":[{"embeddable":true,"href":"https:\/\/dw211-glincz-stes.pl\/index.php?rest_route=\/wp\/v2\/media\/2991"}],"wp:attachment":[{"href":"https:\/\/dw211-glincz-stes.pl\/index.php?rest_route=%2Fwp%2Fv2%2Fmedia&parent=3187"}],"curies":[{"name":"wp","href":"https:\/\/api.w.org\/{rel}","templated":true}]}}