{"id":3181,"date":"2023-06-26T09:35:27","date_gmt":"2023-06-26T09:35:27","guid":{"rendered":"https:\/\/dw211-glincz-stes.pl\/?page_id=3181"},"modified":"2023-06-26T09:35:27","modified_gmt":"2023-06-26T09:35:27","slug":"wniosek-o-wydanie-decyzji-o-srodowiskowych-uwarunkowaniach-zlozony","status":"publish","type":"page","link":"https:\/\/dw211-glincz-stes.pl\/?page_id=3181","title":{"rendered":"Wniosek o wydanie Decyzji o \u015arodowiskowych Uwarunkowaniach z\u0142o\u017cony"},"content":{"rendered":"<p>W dniu 26 czerwca 2023 r. Wykonawca dzia\u0142aj\u0105c w imieniu Zarz\u0105du Dr\u00f3g Wojew\u00f3dzkich w Gda\u0144sku z\u0142o\u017cy\u0142 w Urz\u0119dzie Gminy w \u017bukowie wniosek o wydanie Decyzji o \u015arodowiskowych Uwarunkowaniach dla przedsi\u0119wzi\u0119cia pn. &#8220;Budowa po\u0142\u0105czenia drogi wojew\u00f3dzkiej 211 z Obwodnic\u0105 Metropolitaln\u0105 w\u0119ze\u0142 Glincz&#8221;.<\/p>\n<p>Wniosek o wydanie w\/w decyzji z\u0142o\u017cono dla wybranego wariantu W2, kt\u00f3rego przebieg mo\u017cna zobaczy\u0107 na poni\u017cszej orientacji.<\/p>\n<p><a href=\"https:\/\/dw211-glincz-stes.pl\/wp-content\/uploads\/2023\/06\/DRO_Plan_Orientacyjny_1-10000.pdf\">Plan orientacyjny<\/a><\/p>\n","protected":false},"excerpt":{"rendered":"<p>W dniu 26 czerwca 2023 r. Wykonawca dzia\u0142aj\u0105c w imieniu Zarz\u0105du Dr\u00f3g Wojew\u00f3dzkich w Gda\u0144sku z\u0142o\u017cy\u0142 w Urz\u0119dzie Gminy w \u017bukowie wniosek o wydanie Decyzji o \u015arodowiskowych Uwarunkowaniach dla przedsi\u0119wzi\u0119cia pn. &#8220;Budowa po\u0142\u0105czenia drogi wojew\u00f3dzkiej 211 z Obwodnic\u0105 Metropolitaln\u0105 w\u0119ze\u0142 Glincz&#8221;. Wniosek o wydanie w\/w decyzji z\u0142o\u017cono dla wybranego wariantu<a class=\"moretag\" href=\"https:\/\/dw211-glincz-stes.pl\/?page_id=3181\"> Czytaj dalej<\/a><\/p>\n","protected":false},"author":2,"featured_media":0,"parent":0,"menu_order":0,"comment_status":"closed","ping_status":"closed","template":"","meta":{"_monsterinsights_skip_tracking":false,"_monsterinsights_sitenote_active":false,"_monsterinsights_sitenote_note":"","_monsterinsights_sitenote_category":0},"_links":{"self":[{"href":"https:\/\/dw211-glincz-stes.pl\/index.php?rest_route=\/wp\/v2\/pages\/3181"}],"collection":[{"href":"https:\/\/dw211-glincz-stes.pl\/index.php?rest_route=\/wp\/v2\/pages"}],"about":[{"href":"https:\/\/dw211-glincz-stes.pl\/index.php?rest_route=\/wp\/v2\/types\/page"}],"author":[{"embeddable":true,"href":"https:\/\/dw211-glincz-stes.pl\/index.php?rest_route=\/wp\/v2\/users\/2"}],"replies":[{"embeddable":true,"href":"https:\/\/dw211-glincz-stes.pl\/index.php?rest_route=%2Fwp%2Fv2%2Fcomments&post=3181"}],"version-history":[{"count":1,"href":"https:\/\/dw211-glincz-stes.pl\/index.php?rest_route=\/wp\/v2\/pages\/3181\/revisions"}],"predecessor-version":[{"id":3183,"href":"https:\/\/dw211-glincz-stes.pl\/index.php?rest_route=\/wp\/v2\/pages\/3181\/revisions\/3183"}],"wp:attachment":[{"href":"https:\/\/dw211-glincz-stes.pl\/index.php?rest_route=%2Fwp%2Fv2%2Fmedia&parent=3181"}],"curies":[{"name":"wp","href":"https:\/\/api.w.org\/{rel}","templated":true}]}}