{"id":3167,"date":"2023-04-14T10:11:23","date_gmt":"2023-04-14T10:11:23","guid":{"rendered":"https:\/\/dw211-glincz-stes.pl\/?page_id=3167"},"modified":"2023-04-14T10:11:23","modified_gmt":"2023-04-14T10:11:23","slug":"wariant-2-wybrany-do-dalszych-prac-projektowych","status":"publish","type":"page","link":"https:\/\/dw211-glincz-stes.pl\/?page_id=3167","title":{"rendered":"Wariant 2 wybrany do dalszych prac projektowych"},"content":{"rendered":"<p>Zarz\u0105d Dr\u00f3g Wojew\u00f3dzkich informuje, \u017ce podczas Rady Technicznej w dniu 23.03.2023 r. na podstawie wykonanej przez Wykonawc\u0119 Wielokryterialnej Analizy Por\u00f3wnawczej wariant\u00f3w podj\u0119to decyzj\u0119 o wyborze wariantu W2 jako podstawy prowadzenia dalszych prac projektowych. W najbli\u017cszym czasie planowane jest z\u0142o\u017cenie wniosku o wydanie Decyzji o \u015arodowiskowych uwarunkowaniach realizacji tej inwestycji. Wykonawca rozpocz\u0105\u0142 tak\u017ce prace projektowe zwi\u0105zane z wykonaniem mapy sytuacyjno-wysoko\u015bciowej do cel\u00f3w projektowych.<\/p>\n<p><a href=\"https:\/\/dw211-glincz-stes.pl\/wp-content\/uploads\/2023\/04\/098_2023.03.23-DW211-Informacja-o-wyborze-wariantu.pdf\">Informacja o wyborze wariantu<\/a><\/p>\n<p><a href=\"https:\/\/dw211-glincz-stes.pl\/wp-content\/uploads\/2023\/04\/02_DW211_W2_R2.1.pdf\">Plan sytuacyjny wariantu 2 &#8211; Arkusz 1<\/a><\/p>\n<p><a href=\"https:\/\/dw211-glincz-stes.pl\/wp-content\/uploads\/2023\/04\/02_DW211_W2_R2.2.pdf\">Plan sytuacyjny wariantu 2 &#8211; Arkusz 2<\/a><\/p>\n<p><a href=\"https:\/\/dw211-glincz-stes.pl\/wp-content\/uploads\/2023\/04\/02_DW211_Legenda_R2.0.pdf\">Plan sytuacyjny &#8211; Legenda<\/a><\/p>\n<p><a href=\"https:\/\/dw211-glincz-stes.pl\/wp-content\/uploads\/2023\/04\/TOM_A_IV_WNIOSKI_v1.pdf\">Tom A &#8211; Cz\u0119\u015b\u0107 Og\u00f3lna &#8211; podsumowanie i wnioski<\/a><\/p>\n","protected":false},"excerpt":{"rendered":"<p>Zarz\u0105d Dr\u00f3g Wojew\u00f3dzkich informuje, \u017ce podczas Rady Technicznej w dniu 23.03.2023 r. na podstawie wykonanej przez Wykonawc\u0119 Wielokryterialnej Analizy Por\u00f3wnawczej wariant\u00f3w podj\u0119to decyzj\u0119 o wyborze wariantu W2 jako podstawy prowadzenia dalszych prac projektowych. W najbli\u017cszym czasie planowane jest z\u0142o\u017cenie wniosku o wydanie Decyzji o \u015arodowiskowych uwarunkowaniach realizacji tej inwestycji. Wykonawca<a class=\"moretag\" href=\"https:\/\/dw211-glincz-stes.pl\/?page_id=3167\"> Czytaj dalej<\/a><\/p>\n","protected":false},"author":2,"featured_media":0,"parent":0,"menu_order":0,"comment_status":"closed","ping_status":"closed","template":"","meta":{"_monsterinsights_skip_tracking":false,"_monsterinsights_sitenote_active":false,"_monsterinsights_sitenote_note":"","_monsterinsights_sitenote_category":0},"_links":{"self":[{"href":"https:\/\/dw211-glincz-stes.pl\/index.php?rest_route=\/wp\/v2\/pages\/3167"}],"collection":[{"href":"https:\/\/dw211-glincz-stes.pl\/index.php?rest_route=\/wp\/v2\/pages"}],"about":[{"href":"https:\/\/dw211-glincz-stes.pl\/index.php?rest_route=\/wp\/v2\/types\/page"}],"author":[{"embeddable":true,"href":"https:\/\/dw211-glincz-stes.pl\/index.php?rest_route=\/wp\/v2\/users\/2"}],"replies":[{"embeddable":true,"href":"https:\/\/dw211-glincz-stes.pl\/index.php?rest_route=%2Fwp%2Fv2%2Fcomments&post=3167"}],"version-history":[{"count":1,"href":"https:\/\/dw211-glincz-stes.pl\/index.php?rest_route=\/wp\/v2\/pages\/3167\/revisions"}],"predecessor-version":[{"id":3174,"href":"https:\/\/dw211-glincz-stes.pl\/index.php?rest_route=\/wp\/v2\/pages\/3167\/revisions\/3174"}],"wp:attachment":[{"href":"https:\/\/dw211-glincz-stes.pl\/index.php?rest_route=%2Fwp%2Fv2%2Fmedia&parent=3167"}],"curies":[{"name":"wp","href":"https:\/\/api.w.org\/{rel}","templated":true}]}}