{"id":3058,"date":"2022-08-05T14:35:32","date_gmt":"2022-08-05T14:35:32","guid":{"rendered":"https:\/\/dw211-glincz-stes.pl\/?page_id=3058"},"modified":"2022-08-05T14:46:29","modified_gmt":"2022-08-05T14:46:29","slug":"zawiadomienie-o-rozpoczeciu-badan-geofizycznych","status":"publish","type":"page","link":"https:\/\/dw211-glincz-stes.pl\/?page_id=3058","title":{"rendered":"Zawiadomienie o rozpocz\u0119ciu bada\u0144 geofizycznych"},"content":{"rendered":"<p><span style=\"font-size: 12pt; color: #808080;\">08 sierpnia 2022<\/span><\/p>\n<p style=\"text-align: justify;\"><span style=\"color: #000000;\">W zwi\u0105zku z realizacj\u0105 projektu \u201eStudium techniczno \u2013 ekonomiczno \u2013 \u015brodowiskowe z elementami koncepcji programowej oraz materia\u0142ami do decyzji \u015brodowiskowej dla zadania pn. &#8220;Budowa po\u0142\u0105czenia dr. wojew\u00f3dzkiej 211 z Obwodnic\u0105 Metropolitaln\u0105 w\u0119ze\u0142 Glincz\u201d informujemy, \u017ce na prze\u0142omie sierpnia i wrze\u015bnia 2022 r. w gminie \u017bukowo (obr. ewid. Borkowo, Glincz, \u017bukowo M) zesp\u00f3\u0142 geolog\u00f3w z firmy IN\u017b-GEO z Wroc\u0142awia b\u0119dzie wykonywa\u0142 badania geofizyczne terenu inwestycji.<\/span><\/p>\n<p style=\"text-align: justify;\"><span style=\"color: #000000;\">Badania geofizyczne zostan\u0105 wykonane metod\u0105 tomografii elektrooporowej (ERT), kt\u00f3ra jest metod\u0105 nieinwazyjn\u0105. Badania wykonywane s\u0105 na powierzchni terenu, nie ingeruj\u0105 bezpo\u015brednio w pod\u0142o\u017ce.<\/span><\/p>\n<p style=\"text-align: justify;\"><span style=\"color: #000000;\">Niniejsze zadanie inwestycyjne nale\u017cy do inwestycji strategicznych Wojew\u00f3dztwa Pomorskiego.<\/span><\/p>\n<p style=\"text-align: justify;\"><span style=\"color: #000000;\">Przedmiotowy zakres prac realizowany jest na zlecenie Zarz\u0105du Dr\u00f3g Wojew\u00f3dzkich w Gda\u0144sku.<\/span><\/p>\n<p style=\"text-align: justify;\"><span style=\"color: #000000;\">Projekt wsp\u00f3\u0142finansowany jest z Europejskiego Funduszu Spo\u0142ecznego w ramach Regionalnego Programu Operacyjnego Wojew\u00f3dztwa Pomorskiego na lata 2014-2020.<\/span><\/p>\n<p style=\"text-align: justify;\"><span style=\"color: #000000;\">Prosimy mieszka\u0144c\u00f3w miejscowo\u015bci Glincz, Borkowo i \u017bukowo o pomoc w realizacji w\/w prac terenowych\u00a0 i umo\u017cliwienie wst\u0119pu na teren swoich nieruchomo\u015bci. Ka\u017cdy z mieszka\u0144c\u00f3w dzia\u0142ek obj\u0119tych badaniami otrzyma pismo w tej sprawie.<\/span><\/p>\n<p style=\"text-align: justify;\"><span style=\"color: #000000;\">W przypadku konieczno\u015bci udzielenia szczeg\u00f3\u0142owych informacji na temat prowadzonych prac lub te\u017c zakresu inwestycji prosimy o kontakt:<\/span><\/p>\n<p><span style=\"color: #000000;\">Tomasz Kammer &#8211; Kierownik Projektu &#8211; Multiconsult Polska<\/span><br \/>\n<span style=\"color: #000000;\">Tel.: 665 190 281<\/span><br \/>\n<span style=\"color: #000000;\">Mail: tomasz.kammer@multiconsultgroup.com<\/span><\/p>\n<p><span style=\"color: #000000;\">Marcin Ha\u0142adaj &#8211; IN\u017b-GEO<\/span><br \/>\n<span style=\"color: #000000;\">Mail: marcin.haladaj@inzgeo.pl<\/span><\/p>\n<p><a href=\"https:\/\/dw211-glincz-stes.pl\/wp-content\/uploads\/2022\/08\/Zawiadomienie-o-rozpoczeciu-badan-geofizycznych.pdf\">Zawiadomienie o rozpocz\u0119ciu bada\u0144 geofizycznych<\/a><\/p>\n","protected":false},"excerpt":{"rendered":"<p>08 sierpnia 2022 W zwi\u0105zku z realizacj\u0105 projektu \u201eStudium techniczno \u2013 ekonomiczno \u2013 \u015brodowiskowe z elementami koncepcji programowej oraz materia\u0142ami do decyzji \u015brodowiskowej dla zadania pn. &#8220;Budowa po\u0142\u0105czenia dr. wojew\u00f3dzkiej 211 z Obwodnic\u0105 Metropolitaln\u0105 w\u0119ze\u0142 Glincz\u201d informujemy, \u017ce na prze\u0142omie sierpnia i wrze\u015bnia 2022 r. w gminie \u017bukowo (obr. ewid.<a class=\"moretag\" href=\"https:\/\/dw211-glincz-stes.pl\/?page_id=3058\"> Czytaj dalej<\/a><\/p>\n","protected":false},"author":2,"featured_media":2991,"parent":0,"menu_order":0,"comment_status":"closed","ping_status":"closed","template":"","meta":{"_monsterinsights_skip_tracking":false,"_monsterinsights_sitenote_active":false,"_monsterinsights_sitenote_note":"","_monsterinsights_sitenote_category":0},"_links":{"self":[{"href":"https:\/\/dw211-glincz-stes.pl\/index.php?rest_route=\/wp\/v2\/pages\/3058"}],"collection":[{"href":"https:\/\/dw211-glincz-stes.pl\/index.php?rest_route=\/wp\/v2\/pages"}],"about":[{"href":"https:\/\/dw211-glincz-stes.pl\/index.php?rest_route=\/wp\/v2\/types\/page"}],"author":[{"embeddable":true,"href":"https:\/\/dw211-glincz-stes.pl\/index.php?rest_route=\/wp\/v2\/users\/2"}],"replies":[{"embeddable":true,"href":"https:\/\/dw211-glincz-stes.pl\/index.php?rest_route=%2Fwp%2Fv2%2Fcomments&post=3058"}],"version-history":[{"count":4,"href":"https:\/\/dw211-glincz-stes.pl\/index.php?rest_route=\/wp\/v2\/pages\/3058\/revisions"}],"predecessor-version":[{"id":3069,"href":"https:\/\/dw211-glincz-stes.pl\/index.php?rest_route=\/wp\/v2\/pages\/3058\/revisions\/3069"}],"wp:featuredmedia":[{"embeddable":true,"href":"https:\/\/dw211-glincz-stes.pl\/index.php?rest_route=\/wp\/v2\/media\/2991"}],"wp:attachment":[{"href":"https:\/\/dw211-glincz-stes.pl\/index.php?rest_route=%2Fwp%2Fv2%2Fmedia&parent=3058"}],"curies":[{"name":"wp","href":"https:\/\/api.w.org\/{rel}","templated":true}]}}