{"id":2779,"date":"2022-03-15T02:08:40","date_gmt":"2022-03-15T02:08:40","guid":{"rendered":"https:\/\/serwer1842912.home.pl\/autoinstalator\/wordpress\/?page_id=2779"},"modified":"2022-04-29T03:57:52","modified_gmt":"2022-04-29T03:57:52","slug":"terminy-spotkan","status":"publish","type":"page","link":"https:\/\/dw211-glincz-stes.pl\/?page_id=2779","title":{"rendered":"Informacje og\u00f3lne"},"content":{"rendered":"<p>&nbsp;<\/p>\n<table style=\"border-collapse: collapse; width: 100%;\" border=\"1\">\n<tbody>\n<tr>\n<td style=\"width: 33.3333%;\">\n<p style=\"text-align: center;\"><strong><span style=\"color: #000080;\">INWESTOR:<br \/>\n<\/span><span>Wojew\u00f3dztwo Pomorskie<\/span><br \/>\n<\/strong><\/p>\n<p><img loading=\"lazy\" src=\"http:\/\/serwer2035769.home.pl\/autoinstalator\/wordpress7\/wp-content\/uploads\/2022\/04\/woj-pomor-logo.jpg\" alt=\"\" class=\"alignnone size-full wp-image-2998 aligncenter\" width=\"169\" height=\"197\" \/><\/td>\n<td style=\"width: 33.3333%; text-align: center;\"><strong><span><span style=\"color: #000080;\">ZAMAWIAJ\u0104CY:<\/span><br \/>\n<\/span><span>Zarz\u0105d Dr\u00f3g Wojew\u00f3dzkich<br \/>\nw Gda\u0144sku<br \/>\n<\/span><\/strong><strong><span><img loading=\"lazy\" src=\"http:\/\/serwer2035769.home.pl\/autoinstalator\/wordpress7\/wp-content\/uploads\/2022\/04\/logo-zamaw.jpg\" alt=\"\" class=\"alignnone wp-image-2997 aligncenter\" width=\"188\" height=\"176\" \/><\/span><\/strong><\/td>\n<td style=\"width: 33.3333%;\">\n<p style=\"text-align: center;\"><strong><span><span style=\"color: #000080;\">PROJEKTANT:<\/span><br \/>\n<\/span><span>Multiconsult Polska<\/span><\/strong><\/p>\n<p><strong><span><img loading=\"lazy\" src=\"http:\/\/serwer2035769.home.pl\/autoinstalator\/wordpress7\/wp-content\/uploads\/2022\/04\/mcpl-logo.png\" alt=\"\" class=\"alignnone size-full wp-image-3001\" width=\"254\" height=\"75\" \/><br \/>\n<\/span><\/strong><\/p>\n<p>&nbsp;<\/p>\n<p>&nbsp;<\/td>\n<\/tr>\n<\/tbody>\n<\/table>\n<p>&nbsp;<\/p>\n<p>&nbsp;<\/p>\n<p>&nbsp;<\/p>\n","protected":false},"excerpt":{"rendered":"<p>&nbsp; INWESTOR: Wojew\u00f3dztwo Pomorskie ZAMAWIAJ\u0104CY: Zarz\u0105d Dr\u00f3g Wojew\u00f3dzkich w Gda\u0144sku PROJEKTANT: Multiconsult Polska &nbsp; &nbsp; &nbsp; &nbsp; &nbsp;<\/p>\n","protected":false},"author":3,"featured_media":2991,"parent":0,"menu_order":0,"comment_status":"closed","ping_status":"closed","template":"","meta":{"_monsterinsights_skip_tracking":false,"_monsterinsights_sitenote_active":false,"_monsterinsights_sitenote_note":"","_monsterinsights_sitenote_category":0},"_links":{"self":[{"href":"https:\/\/dw211-glincz-stes.pl\/index.php?rest_route=\/wp\/v2\/pages\/2779"}],"collection":[{"href":"https:\/\/dw211-glincz-stes.pl\/index.php?rest_route=\/wp\/v2\/pages"}],"about":[{"href":"https:\/\/dw211-glincz-stes.pl\/index.php?rest_route=\/wp\/v2\/types\/page"}],"author":[{"embeddable":true,"href":"https:\/\/dw211-glincz-stes.pl\/index.php?rest_route=\/wp\/v2\/users\/3"}],"replies":[{"embeddable":true,"href":"https:\/\/dw211-glincz-stes.pl\/index.php?rest_route=%2Fwp%2Fv2%2Fcomments&post=2779"}],"version-history":[{"count":42,"href":"https:\/\/dw211-glincz-stes.pl\/index.php?rest_route=\/wp\/v2\/pages\/2779\/revisions"}],"predecessor-version":[{"id":3003,"href":"https:\/\/dw211-glincz-stes.pl\/index.php?rest_route=\/wp\/v2\/pages\/2779\/revisions\/3003"}],"wp:featuredmedia":[{"embeddable":true,"href":"https:\/\/dw211-glincz-stes.pl\/index.php?rest_route=\/wp\/v2\/media\/2991"}],"wp:attachment":[{"href":"https:\/\/dw211-glincz-stes.pl\/index.php?rest_route=%2Fwp%2Fv2%2Fmedia&parent=2779"}],"curies":[{"name":"wp","href":"https:\/\/api.w.org\/{rel}","templated":true}]}}