{"id":1098,"date":"2019-07-09T15:13:49","date_gmt":"2019-07-09T15:13:49","guid":{"rendered":"http:\/\/serwer1978338.home.pl\/autoinstalator\/wordpress\/?page_id=1098"},"modified":"2022-11-18T13:26:45","modified_gmt":"2022-11-18T13:26:45","slug":"kontakt","status":"publish","type":"page","link":"https:\/\/dw211-glincz-stes.pl\/?page_id=1098","title":{"rendered":"Kontakt"},"content":{"rendered":"<p>&nbsp;<\/p>\n<p><strong><span style=\"font-size: 18pt;\">Zamawiaj\u0105cy<\/span><\/strong>:<\/p>\n<p><strong>Zarz\u0105d Dr\u00f3g Wojew\u00f3dzkich w Gda\u0144sku<\/strong><br \/>\nul. Mostowa 11a<br \/>\n80-778 Gda\u0144sk<br \/>\n<a href=\"https:\/\/www.zdw-gdansk.pl\/\">www.zdw-gdansk.pl<\/a><\/p>\n<p><strong>Wojew\u00f3dztwo Pomorskie<\/strong><br \/>\n<a href=\"https:\/\/pomorskie.eu\/\">www.pomorskie.eu<\/a><\/p>\n<hr \/>\n<p class=\"godziny-pracy\"><strong><span style=\"font-size: 18pt;\"><br \/>\nWykonawca<br \/>\n<span style=\"font-size: 14pt;\">Multiconsult Polska<br \/>\n<\/span><\/span><\/strong>ul. Marynarki Polskiej 163<br \/>\n80-868 Gda\u0144sk<br \/>\n+ 48 603 032 921<br \/>\nponiedzia\u0142ek &#8211; pi\u0105tek, godz.: 9:00 &#8211; 17:00<br \/>\n<span id=\"cloak276ece18c6e2c3d92ee500491fb83b8c\"><a href=\"mailto:kontakt@dw211-glincz-stes.pl\">kontakt@dw211-glincz-stes.pl<\/a><br \/>\n<a href=\"https:\/\/multiconsult-polska.com\"><span style=\"color: #000080;\">www.multiconsult-polska.com<\/span><\/a><\/span><\/p>\n<div class=\"allmode-text\">\n<p><strong>Kierownik Projektu:<br \/>\n<\/strong>Tomasz Kammer: +48 665 190 281<strong><br \/>\n<\/strong><\/p>\n<\/div>\n<p>&nbsp;<\/p>\n<p style=\"text-align: center;\"><strong><a href=\"\/?page_id=2199\"><\/a><\/strong><\/p>\n<p>&nbsp;<\/p>\n","protected":false},"excerpt":{"rendered":"<p>&nbsp; Zamawiaj\u0105cy: Zarz\u0105d Dr\u00f3g Wojew\u00f3dzkich w Gda\u0144sku ul. Mostowa 11a 80-778 Gda\u0144sk www.zdw-gdansk.pl Wojew\u00f3dztwo Pomorskie www.pomorskie.eu Wykonawca Multiconsult Polska ul. Marynarki Polskiej 163 80-868 Gda\u0144sk + 48 603 032 921 poniedzia\u0142ek &#8211; pi\u0105tek, godz.: 9:00 &#8211; 17:00 kontakt@dw211-glincz-stes.pl www.multiconsult-polska.com Kierownik Projektu: Tomasz Kammer: +48 665 190 281 &nbsp; &nbsp;<\/p>\n","protected":false},"author":3,"featured_media":2991,"parent":0,"menu_order":0,"comment_status":"closed","ping_status":"closed","template":"","meta":{"_monsterinsights_skip_tracking":false,"_monsterinsights_sitenote_active":false,"_monsterinsights_sitenote_note":"","_monsterinsights_sitenote_category":0},"_links":{"self":[{"href":"https:\/\/dw211-glincz-stes.pl\/index.php?rest_route=\/wp\/v2\/pages\/1098"}],"collection":[{"href":"https:\/\/dw211-glincz-stes.pl\/index.php?rest_route=\/wp\/v2\/pages"}],"about":[{"href":"https:\/\/dw211-glincz-stes.pl\/index.php?rest_route=\/wp\/v2\/types\/page"}],"author":[{"embeddable":true,"href":"https:\/\/dw211-glincz-stes.pl\/index.php?rest_route=\/wp\/v2\/users\/3"}],"replies":[{"embeddable":true,"href":"https:\/\/dw211-glincz-stes.pl\/index.php?rest_route=%2Fwp%2Fv2%2Fcomments&post=1098"}],"version-history":[{"count":8,"href":"https:\/\/dw211-glincz-stes.pl\/index.php?rest_route=\/wp\/v2\/pages\/1098\/revisions"}],"predecessor-version":[{"id":3134,"href":"https:\/\/dw211-glincz-stes.pl\/index.php?rest_route=\/wp\/v2\/pages\/1098\/revisions\/3134"}],"wp:featuredmedia":[{"embeddable":true,"href":"https:\/\/dw211-glincz-stes.pl\/index.php?rest_route=\/wp\/v2\/media\/2991"}],"wp:attachment":[{"href":"https:\/\/dw211-glincz-stes.pl\/index.php?rest_route=%2Fwp%2Fv2%2Fmedia&parent=1098"}],"curies":[{"name":"wp","href":"https:\/\/api.w.org\/{rel}","templated":true}]}}